{"id":283,"date":"2022-10-27T22:31:25","date_gmt":"2022-10-27T22:31:25","guid":{"rendered":"https:\/\/munieltumbador.gob.gt\/?page_id=283"},"modified":"2023-09-05T19:03:12","modified_gmt":"2023-09-05T19:03:12","slug":"servicios","status":"publish","type":"page","link":"https:\/\/munieltumbador.gob.gt\/index.php\/servicios\/","title":{"rendered":"SERVICIOS"},"content":{"rendered":"\n<p>Agua potable debidamente clorada<\/p>\n\n\n\n<p>Drenajes<\/p>\n\n\n\n<p>Extracci\u00f3n de basura (desechos s\u00f3lidos)<\/p>\n\n\n\n<p>Mejoramiento v\u00edas de acceso en las diferentes comunidades<\/p>\n\n\n\n<p>Regulaci\u00f3n del transporte de personas y mercader\u00eda<\/p>\n\n\n\n<p>Construcci\u00f3n de escuelas, telesecundarias, escuelas de preprimaria<\/p>\n\n\n\n<p>Dotaci\u00f3n de pupitres a las escuelas<\/p>\n\n\n\n<p>Reforestaci\u00f3n<\/p>\n\n\n\n<p>Vivero Municipal<\/p>\n\n\n\n<p>Alumbrado p\u00fablico<\/p>\n\n\n\n<p>Aporte con maestros municipales en diferentes comunidades<\/p>\n\n\n\n<p>Administraci\u00f3n de mercado municipal, cementerio y rastro<\/p>\n\n\n\n<p>Traslados de emergencia a trav\u00e9s de los bomberos municipales departamentales (sin ning\u00fan costo para el paciente)<\/p>\n\n\n\n<p>Y todas las competencias propias establecidas en el art\u00edculo 68 del c\u00f3digo municipal.<\/p>\n","protected":false},"excerpt":{"rendered":"<p>Agua potable debidamente clorada Drenajes Extracci\u00f3n de basura (desechos s\u00f3lidos) Mejoramiento v\u00edas de acceso en las diferentes comunidades Regulaci\u00f3n del transporte de personas y mercader\u00eda Construcci\u00f3n de escuelas, telesecundarias, escuelas de preprimaria Dotaci\u00f3n de pupitres a las escuelas Reforestaci\u00f3n Vivero Municipal Alumbrado p\u00fablico Aporte con maestros municipales en diferentes comunidades Administraci\u00f3n de mercado municipal, cementerio &hellip;<\/p>\n","protected":false},"author":1,"featured_media":0,"parent":0,"menu_order":0,"comment_status":"closed","ping_status":"closed","template":"","meta":{"om_disable_all_campaigns":false,"_monsterinsights_skip_tracking":false,"_monsterinsights_sitenote_active":false,"_monsterinsights_sitenote_note":"","_monsterinsights_sitenote_category":0,"_themeisle_gutenberg_block_has_review":false,"footnotes":""},"aioseo_notices":[],"_links":{"self":[{"href":"https:\/\/munieltumbador.gob.gt\/index.php\/wp-json\/wp\/v2\/pages\/283"}],"collection":[{"href":"https:\/\/munieltumbador.gob.gt\/index.php\/wp-json\/wp\/v2\/pages"}],"about":[{"href":"https:\/\/munieltumbador.gob.gt\/index.php\/wp-json\/wp\/v2\/types\/page"}],"author":[{"embeddable":true,"href":"https:\/\/munieltumbador.gob.gt\/index.php\/wp-json\/wp\/v2\/users\/1"}],"replies":[{"embeddable":true,"href":"https:\/\/munieltumbador.gob.gt\/index.php\/wp-json\/wp\/v2\/comments?post=283"}],"version-history":[{"count":3,"href":"https:\/\/munieltumbador.gob.gt\/index.php\/wp-json\/wp\/v2\/pages\/283\/revisions"}],"predecessor-version":[{"id":759,"href":"https:\/\/munieltumbador.gob.gt\/index.php\/wp-json\/wp\/v2\/pages\/283\/revisions\/759"}],"wp:attachment":[{"href":"https:\/\/munieltumbador.gob.gt\/index.php\/wp-json\/wp\/v2\/media?parent=283"}],"curies":[{"name":"wp","href":"https:\/\/api.w.org\/{rel}","templated":true}]}}