{"id":25,"date":"2022-10-04T22:09:23","date_gmt":"2022-10-04T22:09:23","guid":{"rendered":"http:\/\/munieltumbador.gob.gt\/?page_id=25"},"modified":"2024-02-13T13:59:14","modified_gmt":"2024-02-13T13:59:14","slug":"autoridades","status":"publish","type":"page","link":"https:\/\/munieltumbador.gob.gt\/index.php\/autoridades\/","title":{"rendered":"Autoridades"},"content":{"rendered":"\n<figure class=\"wp-block-table is-style-stripes ticss-0541ac0e\"><table><tbody><tr><td>Juan Carlos L\u00f3pez God\u00ednez, \u00a0Alcalde Municipal; <br>Robin Henry Robles Ruiz, S\u00edndico\u00a0 Primero; <br>James Irineo Ramos Mart\u00ednez, S\u00edndico Segundo; <br>Pablo Vinicio Marroqu\u00edn M\u00e9ndez, Concejal\u00a0 Primero; <br>Lester Misael L\u00f3pez Robles, Concejal Segundo; <br>Roosby Maday Guzm\u00e1n de Le\u00f3n de Lux, Concejal Tercero; <br>Silvana Yuleth L\u00f3pez Uz Concejal Cuarto <br>Angela Luz Rodr\u00edguez Barrios Concejal S\u00e9ptimo<\/td><td><\/td><\/tr><tr><td><\/td><td><\/td><\/tr><tr><td><\/td><td><\/td><\/tr><tr><td><\/td><td><\/td><\/tr><\/tbody><\/table><\/figure>\n\n\n\n<p><\/p>\n","protected":false},"excerpt":{"rendered":"<p>Juan Carlos L\u00f3pez God\u00ednez, \u00a0Alcalde Municipal; Robin Henry Robles Ruiz, S\u00edndico\u00a0 Primero; James Irineo Ramos Mart\u00ednez, S\u00edndico Segundo; Pablo Vinicio Marroqu\u00edn M\u00e9ndez, Concejal\u00a0 Primero; Lester Misael L\u00f3pez Robles, Concejal Segundo; Roosby Maday Guzm\u00e1n de Le\u00f3n de Lux, Concejal Tercero; Silvana Yuleth L\u00f3pez Uz Concejal Cuarto Angela Luz Rodr\u00edguez Barrios Concejal S\u00e9ptimo<\/p>\n","protected":false},"author":1,"featured_media":0,"parent":0,"menu_order":0,"comment_status":"closed","ping_status":"closed","template":"","meta":{"om_disable_all_campaigns":false,"_monsterinsights_skip_tracking":false,"_monsterinsights_sitenote_active":false,"_monsterinsights_sitenote_note":"","_monsterinsights_sitenote_category":0,"_themeisle_gutenberg_block_has_review":false,"footnotes":""},"aioseo_notices":[],"_links":{"self":[{"href":"https:\/\/munieltumbador.gob.gt\/index.php\/wp-json\/wp\/v2\/pages\/25"}],"collection":[{"href":"https:\/\/munieltumbador.gob.gt\/index.php\/wp-json\/wp\/v2\/pages"}],"about":[{"href":"https:\/\/munieltumbador.gob.gt\/index.php\/wp-json\/wp\/v2\/types\/page"}],"author":[{"embeddable":true,"href":"https:\/\/munieltumbador.gob.gt\/index.php\/wp-json\/wp\/v2\/users\/1"}],"replies":[{"embeddable":true,"href":"https:\/\/munieltumbador.gob.gt\/index.php\/wp-json\/wp\/v2\/comments?post=25"}],"version-history":[{"count":8,"href":"https:\/\/munieltumbador.gob.gt\/index.php\/wp-json\/wp\/v2\/pages\/25\/revisions"}],"predecessor-version":[{"id":914,"href":"https:\/\/munieltumbador.gob.gt\/index.php\/wp-json\/wp\/v2\/pages\/25\/revisions\/914"}],"wp:attachment":[{"href":"https:\/\/munieltumbador.gob.gt\/index.php\/wp-json\/wp\/v2\/media?parent=25"}],"curies":[{"name":"wp","href":"https:\/\/api.w.org\/{rel}","templated":true}]}}